{"id":1562,"date":"2020-01-06T19:54:20","date_gmt":"2020-01-06T18:54:20","guid":{"rendered":"http:\/\/chicken13.com\/commande\/?post_type=product&#038;p=1562"},"modified":"2022-01-23T02:34:41","modified_gmt":"2022-01-23T00:34:41","slug":"tacos-escalope","status":"publish","type":"product","link":"https:\/\/chicken13.com\/commande\/produit\/tacos-escalope\/","title":{"rendered":"Tacos escalope"},"content":{"rendered":"<p>Avec Frites \u00e0 l\u2019int\u00e9rieur et cr\u00e8me fromag\u00e8re.<\/p>\n","protected":false},"excerpt":{"rendered":"<p>Avec Frites \u00e0 l\u2019int\u00e9rieur et cr\u00e8me fromag\u00e8re.<br \/>\nSeul ou en menu (boisson + dessert)<\/p>\n","protected":false},"featured_media":4607,"template":"","meta":[],"product_brand":[],"product_cat":[37],"product_tag":[],"class_list":{"0":"post-1562","1":"product","2":"type-product","3":"status-publish","4":"has-post-thumbnail","6":"product_cat-tacos","8":"first","9":"instock","10":"shipping-taxable","11":"purchasable","12":"product-type-simple"},"woofood_extra_options":null,"_links":{"self":[{"href":"https:\/\/chicken13.com\/commande\/wp-json\/wp\/v2\/product\/1562","targetHints":{"allow":["GET"]}}],"collection":[{"href":"https:\/\/chicken13.com\/commande\/wp-json\/wp\/v2\/product"}],"about":[{"href":"https:\/\/chicken13.com\/commande\/wp-json\/wp\/v2\/types\/product"}],"wp:featuredmedia":[{"embeddable":true,"href":"https:\/\/chicken13.com\/commande\/wp-json\/wp\/v2\/media\/4607"}],"wp:attachment":[{"href":"https:\/\/chicken13.com\/commande\/wp-json\/wp\/v2\/media?parent=1562"}],"wp:term":[{"taxonomy":"product_brand","embeddable":true,"href":"https:\/\/chicken13.com\/commande\/wp-json\/wp\/v2\/product_brand?post=1562"},{"taxonomy":"product_cat","embeddable":true,"href":"https:\/\/chicken13.com\/commande\/wp-json\/wp\/v2\/product_cat?post=1562"},{"taxonomy":"product_tag","embeddable":true,"href":"https:\/\/chicken13.com\/commande\/wp-json\/wp\/v2\/product_tag?post=1562"}],"curies":[{"name":"wp","href":"https:\/\/api.w.org\/{rel}","templated":true}]}}